{"id":3,"date":"2022-10-28T12:34:06","date_gmt":"2022-10-28T04:34:06","guid":{"rendered":"http:\/\/gefps.net\/?page_id=3"},"modified":"2024-06-17T14:27:23","modified_gmt":"2024-06-17T06:27:23","slug":"privacy-policy","status":"publish","type":"page","link":"https:\/\/gefps.net\/sv\/integritetspolicy\/","title":{"rendered":"Integritetspolicy"},"content":{"rendered":"<h2 class=\"wp-block-heading\">JAG \u00c4R EN AV DEM.<\/h2><p><strong class=\"privacy-policy-tutorial\">DET H\u00c4R \u00c4R INTE SANT. <\/strong>JAG \u00c4R H\u00c4R F\u00d6R ATT BER\u00c4TTA....<\/p><h2 class=\"wp-block-heading\">\u8bc4\u8bba<\/h2><p><strong class=\"privacy-policy-tutorial\">DET H\u00c4R \u00c4R INTE SANT. <\/strong>Jag \u00e4r inte s\u00e4ker p\u00e5 att jag har r\u00e4tt till det, men det \u00e4r inte s\u00e4kert att jag har r\u00e4tt till det, f\u00f6r jag \u00e4r inte s\u00e4ker p\u00e5 att jag har r\u00e4tt till det.<\/p><p>Det h\u00e4r \u00e4r en av de mest intressanta h\u00e4ndelserna i v\u00e4rlden.<\/p><h2 class=\"wp-block-heading\">\u5a92\u4f53<\/h2><p><strong class=\"privacy-policy-tutorial\">DET H\u00c4R \u00c4R INTE SANT. <\/strong>DET H\u00c4R \u00c4R EN AV DE MEST INTRESSANTA H\u00c4NDELSERNA I V\u00c4RLDEN.<\/p><h2 class=\"wp-block-heading\">Kakor<\/h2><p><strong class=\"privacy-policy-tutorial\">DET H\u00c4R \u00c4R INTE SANT. <\/strong>Det h\u00e4r \u00e4r en av de b\u00e4sta platserna i v\u00e4rlden att vara p\u00e5.<\/p><p>Det h\u00e4r \u00e4r en fr\u00e5ga f\u00f6r mig.<\/p><p>\"Jag har ingen aning om vad som h\u00e4nder med mig.\" \"Jag har ingen aning om vad som h\u00e4nder med mig.\" \"Jag har ingen aning om vad som h\u00e4nder med mig.\" \"Jag har ingen aning om vad som h\u00e4nder med mig.\" \"Jag har ingen aning om vad som h\u00e4nder med mig.\" \"Jag har ingen aning om vad som h\u00e4nder med mig.<\/p><p>Det h\u00e4r \u00e4r en av de b\u00e4sta platserna i v\u00e4rlden.<\/p><h2 class=\"wp-block-heading\">DET H\u00c4R \u00c4R INTE SANT.<\/h2><p><strong class=\"privacy-policy-tutorial\">DET H\u00c4R \u00c4R INTE SANT. <\/strong>DET H\u00c4R \u00c4R EN AV DE B\u00c4STA PLATSERNA I V\u00c4RLDEN F\u00d6R ATT TA REDA P\u00c5 VAD SOM H\u00c4NDER.<\/p><p>Det h\u00e4r \u00e4r en av de b\u00e4sta platserna i v\u00e4rlden f\u00f6r att ta reda p\u00e5 vad som h\u00e4nder.<\/p><h2 class=\"wp-block-heading\">JAG HAR F\u00c5TT ETT NYTT JOBB.<\/h2><p><strong class=\"privacy-policy-tutorial\">DET H\u00c4R \u00c4R INTE SANT. <\/strong>DET H\u00c4R \u00c4R EN MYCKET VIKTIG FR\u00c5GA.<\/p><h2 class=\"wp-block-heading\">JAG \u00c4R INTE S\u00c4KER<\/h2><p><strong class=\"privacy-policy-tutorial\">DET H\u00c4R \u00c4R INTE SANT. <\/strong>DET H\u00c4R \u00c4R EN AV DE VIKTIGASTE FR\u00c5GORNA SOM JAG HAR ST\u00c4LLT MIG.<\/p><p>DET H\u00c4R \u00c4R EN AV DE MEST INTRESSANTA H\u00c4NDELSERNA I V\u00c4RLDEN.<\/p><h2 class=\"wp-block-heading\">DET \u00c4R BARA EN FR\u00c5GA OM TID.<\/h2><p><strong class=\"privacy-policy-tutorial\">DET H\u00c4R \u00c4R INTE SANT. <\/strong>DET H\u00c4R \u00c4R EN AV DE B\u00c4STA PLATSERNA I V\u00c4RLDEN.<\/p><h2 class=\"wp-block-heading\">DET H\u00c4R \u00c4R ALLT<\/h2><p><strong class=\"privacy-policy-tutorial\">DET H\u00c4R \u00c4R INTE SANT. <\/strong>DET H\u00c4R \u00c4R EN AV DE MEST V\u00c4RDEFULLA H\u00c4NDELSERNA I V\u00c4RLDEN.<\/p>","protected":false},"excerpt":{"rendered":"<p>\u6211\u4eec\u662f\u8c01 \u63a8\u8350\u7684\u6587\u672c\uff1a \u6211\u4eec\u7684\u7ad9\u70b9\u5730\u5740\u662f\uff1ahttp:\/\/gefps.net\u3002 \u8bc4\u8bba \u63a8\u8350\u7684\u6587\u672c\uff1a \u5f53\u8bbf\u5ba2\u7559\u4e0b\u8bc4\u8bba\u65f6\uff0c\u6211\u4eec\u4f1a\u6536\u96c6\u8bc4\u8bba\u8868\u5355\u6240\u663e\u793a\u7684\u6570\u636e\uff0c\u548c\u8bbf\u5ba2\u7684IP\u5730\u5740\u53ca\u6d4f\u89c8\u5668\u7684user agent\u5b57\u7b26\u4e32\u6765\u5e2e\u52a9\u68c0\u67e5\u5783\u573e\u8bc4\u8bba\u3002 \u7531\u60a8\u7684\u7535\u5b50\u90ae\u7bb1\u5730\u5740\u6240\u751f\u6210\u7684\u533f\u540d\u5316\u5b57\u7b26\u4e32\uff08\u53c8\u79f0\u4e3a\u54c8\u5e0c\uff09 \u53ef\u80fd\u4f1a\u88ab\u63d0\u4f9b\u7ed9Gravatar\u670d\u52a1\u786e\u8ba4\u60a8\u662f\u5426\u6709\u4f7f\u7528\u8be5\u670d\u52a1\u3002 Gravatar\u670d\u52a1\u7684\u9690\u79c1\u653f\u7b56\u5728\u6b64\uff1ahttps:\/\/automattic.com\/privacy\/\u3002\u5728\u60a8\u7684\u8bc4\u8bba\u83b7\u6279\u51c6\u540e\uff0c\u60a8\u7684\u8d44\u6599\u56fe\u7247\u5c06\u5728\u60a8\u7684\u8bc4\u8bba\u65c1\u516c\u5f00\u5c55\u793a\u3002 \u5a92\u4f53 \u63a8\u8350\u7684\u6587\u672c\uff1a \u5982\u679c\u60a8\u5411\u6b64\u7f51\u7ad9\u4e0a\u4f20\u56fe\u7247\uff0c\u60a8\u5e94\u5f53\u907f\u514d\u4e0a\u4f20\u90a3\u4e9b\u6709\u5d4c\u5165\u5730\u7406\u4f4d\u7f6e\u4fe1\u606f\uff08EXIF\uff09\u7684\u56fe\u7247\u3002\u6b64\u7f51\u7ad9\u7684\u8bbf\u5ba2\u5c06\u53ef\u4ee5\u4e0b\u8f7d\u5e76\u63d0\u53d6\u6b64\u7f51\u7ad9\u7684\u56fe\u7247\u4e2d\u7684\u4f4d\u7f6e\u4fe1\u606f\u3002 Cookies \u63a8\u8350\u7684\u6587\u672c\uff1a \u5982\u679c\u60a8\u5728\u6211\u4eec\u7684\u7ad9\u70b9\u4e0a\u7559\u4e0b\u8bc4\u8bba\uff0c\u60a8\u53ef\u4ee5\u9009\u62e9\u7528cookies\u4fdd\u5b58\u60a8\u7684\u540d\u5b57\u3001\u7535\u5b50\u90ae\u7bb1\u5730\u5740\u548c\u7f51\u7ad9\u5730\u5740\u3002\u8fd9\u662f\u901a\u8fc7\u8ba9\u60a8\u53ef\u4ee5\u4e0d\u7528\u5728\u8bc4\u8bba\u65f6\u518d\u6b21\u586b\u5199\u76f8\u5173\u5185\u5bb9\u800c\u5411\u60a8\u63d0\u4f9b\u65b9\u4fbf\u3002\u8fd9\u4e9bcookies\u4f1a\u4fdd\u7559\u4e00\u5e74\u3002 Jag \u00e4r inte s\u00e4ker p\u00e5 att jag har r\u00e4tt. Det h\u00e4r \u00e4r en av de b\u00e4sta platserna i v\u00e4rlden f\u00f6r att se om du har n\u00e5got att s\u00e4ga till om. Det h\u00e4r \u00e4r en av v\u00e5ra mest popul\u00e4ra webbplatser.<\/p>","protected":false},"author":1,"featured_media":0,"parent":0,"menu_order":0,"comment_status":"closed","ping_status":"closed","template":"","meta":{"_monsterinsights_skip_tracking":false,"_monsterinsights_sitenote_active":false,"_monsterinsights_sitenote_note":"","_monsterinsights_sitenote_category":0,"footnotes":""},"class_list":["post-3","page","type-page","status-publish","hentry"],"yoast_head":"<!-- This site is optimized with the Yoast SEO Premium plugin v23.9 (Yoast SEO v25.1) - https:\/\/yoast.com\/wordpress\/plugins\/seo\/ -->\n<title>office furniture-customized meeting desk-office chair-Training furniture-waiting furniture ROYALPRIDE Factory<\/title>\n<meta name=\"robots\" content=\"noindex, follow, max-snippet:-1, max-image-preview:large, max-video-preview:-1\" \/>\n<meta property=\"og:locale\" content=\"sv_SE\" \/>\n<meta property=\"og:type\" content=\"article\" \/>\n<meta property=\"og:title\" content=\"Privacy Policy\" \/>\n<meta property=\"og:description\" content=\"\u6211\u4eec\u662f\u8c01 \u63a8\u8350\u7684\u6587\u672c\uff1a \u6211\u4eec\u7684\u7ad9\u70b9\u5730\u5740\u662f\uff1ahttp:\/\/gefps.net\u3002 \u8bc4\u8bba \u63a8\u8350\u7684\u6587\u672c\uff1a \u5f53\u8bbf\u5ba2\u7559\u4e0b\u8bc4\u8bba\u65f6\uff0c\u6211\u4eec\u4f1a\u6536\u96c6\u8bc4\u8bba\u8868\u5355\u6240\u663e\u793a\u7684\u6570\u636e\uff0c\u548c\u8bbf\u5ba2\u7684IP\u5730\u5740\u53ca\u6d4f\u89c8\u5668\u7684user agent\u5b57\u7b26\u4e32\u6765\u5e2e\u52a9\u68c0\u67e5\u5783\u573e\u8bc4\u8bba\u3002 \u7531\u60a8\u7684\u7535\u5b50\u90ae\u7bb1\u5730\u5740\u6240\u751f\u6210\u7684\u533f\u540d\u5316\u5b57\u7b26\u4e32\uff08\u53c8\u79f0\u4e3a\u54c8\u5e0c\uff09\u53ef\u80fd\u4f1a\u88ab\u63d0\u4f9b\u7ed9Gravatar\u670d\u52a1\u786e\u8ba4\u60a8\u662f\u5426\u6709\u4f7f\u7528\u8be5\u670d\u52a1\u3002Gravatar\u670d\u52a1\u7684\u9690\u79c1\u653f\u7b56\u5728\u6b64\uff1ahttps:\/\/automattic.com\/privacy\/\u3002\u5728\u60a8\u7684\u8bc4\u8bba\u83b7\u6279\u51c6\u540e\uff0c\u60a8\u7684\u8d44\u6599\u56fe\u7247\u5c06\u5728\u60a8\u7684\u8bc4\u8bba\u65c1\u516c\u5f00\u5c55\u793a\u3002 \u5a92\u4f53 \u63a8\u8350\u7684\u6587\u672c\uff1a \u5982\u679c\u60a8\u5411\u6b64\u7f51\u7ad9\u4e0a\u4f20\u56fe\u7247\uff0c\u60a8\u5e94\u5f53\u907f\u514d\u4e0a\u4f20\u90a3\u4e9b\u6709\u5d4c\u5165\u5730\u7406\u4f4d\u7f6e\u4fe1\u606f\uff08EXIF GPS\uff09\u7684\u56fe\u7247\u3002\u6b64\u7f51\u7ad9\u7684\u8bbf\u5ba2\u5c06\u53ef\u4ee5\u4e0b\u8f7d\u5e76\u63d0\u53d6\u6b64\u7f51\u7ad9\u7684\u56fe\u7247\u4e2d\u7684\u4f4d\u7f6e\u4fe1\u606f\u3002 Cookies \u63a8\u8350\u7684\u6587\u672c\uff1a \u5982\u679c\u60a8\u5728\u6211\u4eec\u7684\u7ad9\u70b9\u4e0a\u7559\u4e0b\u8bc4\u8bba\uff0c\u60a8\u53ef\u4ee5\u9009\u62e9\u7528cookies\u4fdd\u5b58\u60a8\u7684\u540d\u5b57\u3001\u7535\u5b50\u90ae\u7bb1\u5730\u5740\u548c\u7f51\u7ad9\u5730\u5740\u3002\u8fd9\u662f\u901a\u8fc7\u8ba9\u60a8\u53ef\u4ee5\u4e0d\u7528\u5728\u8bc4\u8bba\u65f6\u518d\u6b21\u586b\u5199\u76f8\u5173\u5185\u5bb9\u800c\u5411\u60a8\u63d0\u4f9b\u65b9\u4fbf\u3002\u8fd9\u4e9bcookies\u4f1a\u4fdd\u7559\u4e00\u5e74\u3002 \u5982\u679c\u60a8\u8bbf\u95ee\u6211\u4eec\u7684\u767b\u5f55\u9875\uff0c\u6211\u4eec\u4f1a\u8bbe\u7f6e\u4e00\u4e2a\u4e34\u65f6\u7684cookie\u6765\u786e\u8ba4\u60a8\u7684\u6d4f\u89c8\u5668\u662f\u5426\u63a5\u53d7cookies\u3002\u6b64cookie\u4e0d\u5305\u542b\u4e2a\u4eba\u6570\u636e\uff0c\u4e14\u4f1a\u5728\u60a8\u5173\u95ed\u6d4f\u89c8\u5668\u65f6\u88ab\u4e22\u5f03\u3002 \u5f53\u60a8\u767b\u5f55\u65f6\uff0c\u6211\u4eec\u4e5f\u4f1a\u8bbe\u7f6e\u591a\u4e2acookies\u6765\u4fdd\u5b58\u60a8\u7684\u767b\u5f55\u4fe1\u606f\u53ca\u5c4f\u5e55\u663e\u793a\u9009\u9879\u3002\u767b\u5f55cookies\u4f1a\u4fdd\u7559\u4e24\u5929\uff0c\u800c\u5c4f\u5e55\u663e\u793a\u9009\u9879cookies\u4f1a\u4fdd\u7559\u4e00\u5e74\u3002\u5982\u679c\u60a8\u9009\u62e9\u4e86\u201c\u8bb0\u4f4f\u6211\u201d\uff0c\u60a8\u7684\u767b\u5f55\u72b6\u6001\u5219\u4f1a\u4fdd\u7559\u4e24\u5468\u3002\u5982\u679c\u60a8\u6ce8\u9500\u767b\u9646\u4e86\u60a8\u7684\u8d26\u6237\uff0c\u7528\u4e8e\u767b\u5f55\u7684cookies\u5c06\u4f1a\u88ab\u79fb\u9664\u3002 \u5982\u679c\u60a8\u7f16\u8f91\u6216\u53d1\u5e03\u6587\u7ae0\uff0c\u6211\u4eec\u4f1a\u5728\u60a8\u7684\u6d4f\u89c8\u5668\u4e2d\u4fdd\u5b58\u4e00\u4e2a\u989d\u5916\u7684cookie\u3002\u8fd9\u4e2acookie\u4e0d\u5305\u542b\u4e2a\u4eba\u6570\u636e\u800c\u53ea\u8bb0\u5f55\u4e86\u60a8\u521a\u624d\u7f16\u8f91\u7684\u6587\u7ae0\u7684ID\u3002\u8fd9\u4e2acookie\u4f1a\u4fdd\u7559\u4e00\u5929\u3002 \u6765\u81ea\u5176\u4ed6\u7f51\u7ad9\u7684\u5d4c\u5165\u5185\u5bb9 \u63a8\u8350\u7684\u6587\u672c\uff1a\" \/>\n<meta property=\"og:url\" content=\"https:\/\/gefps.net\/sv\/politica-de-privacidad\/\" \/>\n<meta property=\"og:site_name\" content=\"Dingsheng Energy Technology Co., Ltd. EcoCellGlobal\" \/>\n<meta property=\"article:publisher\" content=\"https:\/\/www.facebook.com\/profile.php?id=61560913657184\" \/>\n<meta property=\"article:modified_time\" content=\"2024-06-17T06:27:23+00:00\" \/>\n<meta name=\"twitter:card\" content=\"summary_large_image\" \/>\n<meta name=\"twitter:site\" content=\"@huangpai688\" \/>\n<script type=\"application\/ld+json\" class=\"yoast-schema-graph\">{\"@context\":\"https:\/\/schema.org\",\"@graph\":[{\"@type\":\"WebPage\",\"@id\":\"https:\/\/gefps.net\/es_mx\/politica-de-privacidad\/\",\"url\":\"https:\/\/gefps.net\/es_mx\/politica-de-privacidad\/\",\"name\":\"office furniture-customized meeting desk-office chair-Training furniture-waiting furniture ROYALPRIDE Factory\",\"isPartOf\":{\"@id\":\"https:\/\/gefps.net\/#website\"},\"datePublished\":\"2022-10-28T04:34:06+00:00\",\"dateModified\":\"2024-06-17T06:27:23+00:00\",\"breadcrumb\":{\"@id\":\"https:\/\/gefps.net\/es_mx\/politica-de-privacidad\/#breadcrumb\"},\"inLanguage\":\"sv-SE\",\"potentialAction\":[{\"@type\":\"ReadAction\",\"target\":[\"https:\/\/gefps.net\/es_mx\/politica-de-privacidad\/\"]}]},{\"@type\":\"BreadcrumbList\",\"@id\":\"https:\/\/gefps.net\/es_mx\/politica-de-privacidad\/#breadcrumb\",\"itemListElement\":[{\"@type\":\"ListItem\",\"position\":1,\"name\":\"\u9996\u9875\",\"item\":\"https:\/\/gefps.net\/\"},{\"@type\":\"ListItem\",\"position\":2,\"name\":\"Privacy Policy\"}]},{\"@type\":\"WebSite\",\"@id\":\"https:\/\/gefps.net\/#website\",\"url\":\"https:\/\/gefps.net\/\",\"name\":\"ROYAL PRIDE Furniture Co., Ltd.\",\"description\":\"Dingsheng Energy Technology Co., Ltd. EcoCellGlobal\",\"publisher\":{\"@id\":\"https:\/\/gefps.net\/#organization\"},\"alternateName\":\"huangpai Furniture\",\"potentialAction\":[{\"@type\":\"SearchAction\",\"target\":{\"@type\":\"EntryPoint\",\"urlTemplate\":\"https:\/\/gefps.net\/?s={search_term_string}\"},\"query-input\":{\"@type\":\"PropertyValueSpecification\",\"valueRequired\":true,\"valueName\":\"search_term_string\"}}],\"inLanguage\":\"sv-SE\"},{\"@type\":\"Organization\",\"@id\":\"https:\/\/gefps.net\/#organization\",\"name\":\"ROYAL PRIDE Furniture Co., Ltd.\",\"url\":\"https:\/\/gefps.net\/\",\"logo\":{\"@type\":\"ImageObject\",\"inLanguage\":\"sv-SE\",\"@id\":\"https:\/\/gefps.net\/#\/schema\/logo\/image\/\",\"url\":\"https:\/\/gefps.net\/wp-content\/uploads\/2024\/07\/logo3.jpg\",\"contentUrl\":\"https:\/\/gefps.net\/wp-content\/uploads\/2024\/07\/logo3.jpg\",\"width\":512,\"height\":512,\"caption\":\"ROYAL PRIDE Furniture Co., Ltd.\"},\"image\":{\"@id\":\"https:\/\/gefps.net\/#\/schema\/logo\/image\/\"},\"sameAs\":[\"https:\/\/www.facebook.com\/profile.php?id=61560913657184\",\"https:\/\/x.com\/huangpai688\",\"https:\/\/www.youtube.com\/@RoyalPrideFurniture\",\"https:\/\/www.pinterest.com\/pin\/890235051338475626\/\",\"https:\/\/www.tiktok.com\/@ryalprideofficefurniture\"]}]}<\/script>\n<!-- \/ Yoast SEO Premium plugin. -->","yoast_head_json":{"title":"kontorsm\u00f6bler-anpassat m\u00f6tesbord-kontorsstol-utbildningsm\u00f6bler-v\u00e4ntm\u00f6bler ROYALPRIDE Factory","robots":{"index":"noindex","follow":"follow","max-snippet":"max-snippet:-1","max-image-preview":"max-image-preview:large","max-video-preview":"max-video-preview:-1"},"og_locale":"sv_SE","og_type":"article","og_title":"Privacy Policy","og_description":"\u6211\u4eec\u662f\u8c01 \u63a8\u8350\u7684\u6587\u672c\uff1a \u6211\u4eec\u7684\u7ad9\u70b9\u5730\u5740\u662f\uff1ahttp:\/\/gefps.net\u3002 \u8bc4\u8bba \u63a8\u8350\u7684\u6587\u672c\uff1a \u5f53\u8bbf\u5ba2\u7559\u4e0b\u8bc4\u8bba\u65f6\uff0c\u6211\u4eec\u4f1a\u6536\u96c6\u8bc4\u8bba\u8868\u5355\u6240\u663e\u793a\u7684\u6570\u636e\uff0c\u548c\u8bbf\u5ba2\u7684IP\u5730\u5740\u53ca\u6d4f\u89c8\u5668\u7684user agent\u5b57\u7b26\u4e32\u6765\u5e2e\u52a9\u68c0\u67e5\u5783\u573e\u8bc4\u8bba\u3002 \u7531\u60a8\u7684\u7535\u5b50\u90ae\u7bb1\u5730\u5740\u6240\u751f\u6210\u7684\u533f\u540d\u5316\u5b57\u7b26\u4e32\uff08\u53c8\u79f0\u4e3a\u54c8\u5e0c\uff09\u53ef\u80fd\u4f1a\u88ab\u63d0\u4f9b\u7ed9Gravatar\u670d\u52a1\u786e\u8ba4\u60a8\u662f\u5426\u6709\u4f7f\u7528\u8be5\u670d\u52a1\u3002Gravatar\u670d\u52a1\u7684\u9690\u79c1\u653f\u7b56\u5728\u6b64\uff1ahttps:\/\/automattic.com\/privacy\/\u3002\u5728\u60a8\u7684\u8bc4\u8bba\u83b7\u6279\u51c6\u540e\uff0c\u60a8\u7684\u8d44\u6599\u56fe\u7247\u5c06\u5728\u60a8\u7684\u8bc4\u8bba\u65c1\u516c\u5f00\u5c55\u793a\u3002 \u5a92\u4f53 \u63a8\u8350\u7684\u6587\u672c\uff1a \u5982\u679c\u60a8\u5411\u6b64\u7f51\u7ad9\u4e0a\u4f20\u56fe\u7247\uff0c\u60a8\u5e94\u5f53\u907f\u514d\u4e0a\u4f20\u90a3\u4e9b\u6709\u5d4c\u5165\u5730\u7406\u4f4d\u7f6e\u4fe1\u606f\uff08EXIF GPS\uff09\u7684\u56fe\u7247\u3002\u6b64\u7f51\u7ad9\u7684\u8bbf\u5ba2\u5c06\u53ef\u4ee5\u4e0b\u8f7d\u5e76\u63d0\u53d6\u6b64\u7f51\u7ad9\u7684\u56fe\u7247\u4e2d\u7684\u4f4d\u7f6e\u4fe1\u606f\u3002 Cookies \u63a8\u8350\u7684\u6587\u672c\uff1a \u5982\u679c\u60a8\u5728\u6211\u4eec\u7684\u7ad9\u70b9\u4e0a\u7559\u4e0b\u8bc4\u8bba\uff0c\u60a8\u53ef\u4ee5\u9009\u62e9\u7528cookies\u4fdd\u5b58\u60a8\u7684\u540d\u5b57\u3001\u7535\u5b50\u90ae\u7bb1\u5730\u5740\u548c\u7f51\u7ad9\u5730\u5740\u3002\u8fd9\u662f\u901a\u8fc7\u8ba9\u60a8\u53ef\u4ee5\u4e0d\u7528\u5728\u8bc4\u8bba\u65f6\u518d\u6b21\u586b\u5199\u76f8\u5173\u5185\u5bb9\u800c\u5411\u60a8\u63d0\u4f9b\u65b9\u4fbf\u3002\u8fd9\u4e9bcookies\u4f1a\u4fdd\u7559\u4e00\u5e74\u3002 \u5982\u679c\u60a8\u8bbf\u95ee\u6211\u4eec\u7684\u767b\u5f55\u9875\uff0c\u6211\u4eec\u4f1a\u8bbe\u7f6e\u4e00\u4e2a\u4e34\u65f6\u7684cookie\u6765\u786e\u8ba4\u60a8\u7684\u6d4f\u89c8\u5668\u662f\u5426\u63a5\u53d7cookies\u3002\u6b64cookie\u4e0d\u5305\u542b\u4e2a\u4eba\u6570\u636e\uff0c\u4e14\u4f1a\u5728\u60a8\u5173\u95ed\u6d4f\u89c8\u5668\u65f6\u88ab\u4e22\u5f03\u3002 \u5f53\u60a8\u767b\u5f55\u65f6\uff0c\u6211\u4eec\u4e5f\u4f1a\u8bbe\u7f6e\u591a\u4e2acookies\u6765\u4fdd\u5b58\u60a8\u7684\u767b\u5f55\u4fe1\u606f\u53ca\u5c4f\u5e55\u663e\u793a\u9009\u9879\u3002\u767b\u5f55cookies\u4f1a\u4fdd\u7559\u4e24\u5929\uff0c\u800c\u5c4f\u5e55\u663e\u793a\u9009\u9879cookies\u4f1a\u4fdd\u7559\u4e00\u5e74\u3002\u5982\u679c\u60a8\u9009\u62e9\u4e86\u201c\u8bb0\u4f4f\u6211\u201d\uff0c\u60a8\u7684\u767b\u5f55\u72b6\u6001\u5219\u4f1a\u4fdd\u7559\u4e24\u5468\u3002\u5982\u679c\u60a8\u6ce8\u9500\u767b\u9646\u4e86\u60a8\u7684\u8d26\u6237\uff0c\u7528\u4e8e\u767b\u5f55\u7684cookies\u5c06\u4f1a\u88ab\u79fb\u9664\u3002 \u5982\u679c\u60a8\u7f16\u8f91\u6216\u53d1\u5e03\u6587\u7ae0\uff0c\u6211\u4eec\u4f1a\u5728\u60a8\u7684\u6d4f\u89c8\u5668\u4e2d\u4fdd\u5b58\u4e00\u4e2a\u989d\u5916\u7684cookie\u3002\u8fd9\u4e2acookie\u4e0d\u5305\u542b\u4e2a\u4eba\u6570\u636e\u800c\u53ea\u8bb0\u5f55\u4e86\u60a8\u521a\u624d\u7f16\u8f91\u7684\u6587\u7ae0\u7684ID\u3002\u8fd9\u4e2acookie\u4f1a\u4fdd\u7559\u4e00\u5929\u3002 \u6765\u81ea\u5176\u4ed6\u7f51\u7ad9\u7684\u5d4c\u5165\u5185\u5bb9 \u63a8\u8350\u7684\u6587\u672c\uff1a","og_url":"https:\/\/gefps.net\/sv\/politica-de-privacidad\/","og_site_name":"Dingsheng Energy Technology Co., Ltd. EcoCellGlobal","article_publisher":"https:\/\/www.facebook.com\/profile.php?id=61560913657184","article_modified_time":"2024-06-17T06:27:23+00:00","twitter_card":"summary_large_image","twitter_site":"@huangpai688","schema":{"@context":"https:\/\/schema.org","@graph":[{"@type":"WebPage","@id":"https:\/\/gefps.net\/es_mx\/politica-de-privacidad\/","url":"https:\/\/gefps.net\/es_mx\/politica-de-privacidad\/","name":"kontorsm\u00f6bler-anpassat m\u00f6tesbord-kontorsstol-utbildningsm\u00f6bler-v\u00e4ntm\u00f6bler ROYALPRIDE Factory","isPartOf":{"@id":"https:\/\/gefps.net\/#website"},"datePublished":"2022-10-28T04:34:06+00:00","dateModified":"2024-06-17T06:27:23+00:00","breadcrumb":{"@id":"https:\/\/gefps.net\/es_mx\/politica-de-privacidad\/#breadcrumb"},"inLanguage":"sv-SE","potentialAction":[{"@type":"ReadAction","target":["https:\/\/gefps.net\/es_mx\/politica-de-privacidad\/"]}]},{"@type":"BreadcrumbList","@id":"https:\/\/gefps.net\/es_mx\/politica-de-privacidad\/#breadcrumb","itemListElement":[{"@type":"ListItem","position":1,"name":"\u9996\u9875","item":"https:\/\/gefps.net\/"},{"@type":"ListItem","position":2,"name":"Privacy Policy"}]},{"@type":"WebSite","@id":"https:\/\/gefps.net\/#website","url":"https:\/\/gefps.net\/","name":"ROYAL PRIDE Furniture Co, Ltd.","description":"Dingsheng Energy Technology Co., Ltd. EcoCellGlobal","publisher":{"@id":"https:\/\/gefps.net\/#organization"},"alternateName":"huangpai Furniture","potentialAction":[{"@type":"SearchAction","target":{"@type":"EntryPoint","urlTemplate":"https:\/\/gefps.net\/?s={search_term_string}"},"query-input":{"@type":"PropertyValueSpecification","valueRequired":true,"valueName":"search_term_string"}}],"inLanguage":"sv-SE"},{"@type":"Organization","@id":"https:\/\/gefps.net\/#organization","name":"ROYAL PRIDE Furniture Co, Ltd.","url":"https:\/\/gefps.net\/","logo":{"@type":"ImageObject","inLanguage":"sv-SE","@id":"https:\/\/gefps.net\/#\/schema\/logo\/image\/","url":"https:\/\/gefps.net\/wp-content\/uploads\/2024\/07\/logo3.jpg","contentUrl":"https:\/\/gefps.net\/wp-content\/uploads\/2024\/07\/logo3.jpg","width":512,"height":512,"caption":"ROYAL PRIDE Furniture Co., Ltd."},"image":{"@id":"https:\/\/gefps.net\/#\/schema\/logo\/image\/"},"sameAs":["https:\/\/www.facebook.com\/profile.php?id=61560913657184","https:\/\/x.com\/huangpai688","https:\/\/www.youtube.com\/@RoyalPrideFurniture","https:\/\/www.pinterest.com\/pin\/890235051338475626\/","https:\/\/www.tiktok.com\/@ryalprideofficefurniture"]}]}},"_links":{"self":[{"href":"https:\/\/gefps.net\/sv\/wp-json\/wp\/v2\/pages\/3","targetHints":{"allow":["GET"]}}],"collection":[{"href":"https:\/\/gefps.net\/sv\/wp-json\/wp\/v2\/pages"}],"about":[{"href":"https:\/\/gefps.net\/sv\/wp-json\/wp\/v2\/types\/page"}],"author":[{"embeddable":true,"href":"https:\/\/gefps.net\/sv\/wp-json\/wp\/v2\/users\/1"}],"replies":[{"embeddable":true,"href":"https:\/\/gefps.net\/sv\/wp-json\/wp\/v2\/comments?post=3"}],"version-history":[{"count":1,"href":"https:\/\/gefps.net\/sv\/wp-json\/wp\/v2\/pages\/3\/revisions"}],"predecessor-version":[{"id":8444,"href":"https:\/\/gefps.net\/sv\/wp-json\/wp\/v2\/pages\/3\/revisions\/8444"}],"wp:attachment":[{"href":"https:\/\/gefps.net\/sv\/wp-json\/wp\/v2\/media?parent=3"}],"curies":[{"name":"wp","href":"https:\/\/api.w.org\/{rel}","templated":true}]}}